{"id":185,"date":"2015-12-12T23:19:02","date_gmt":"2015-12-12T23:19:02","guid":{"rendered":"http:\/\/td_uid_1_566cab66ad8a8"},"modified":"2025-01-10T15:32:16","modified_gmt":"2025-01-10T19:32:16","slug":"contact","status":"publish","type":"page","link":"https:\/\/arumbear.com\/fl\/contact\/","title":{"rendered":"Contacto"},"content":{"rendered":"    <div  class=\"vc_row wpb_row td-pb-row\">\n\t<div class=\"td-pb-span8 wpb_column vc_column_container \">\n\t\t<div class=\"wpb_wrapper\">\n\t\t\t    <div  class=\"vc_row wpb_row vc_inner td-pb-row\">\n<style scoped>\n.td_uid_1_69e89bc71e8c1_rand .td_module_wrap:hover .entry-title a,\r\n            .td_uid_1_69e89bc71e8c1_rand a.td-pulldown-filter-link:hover,\r\n            .td_uid_1_69e89bc71e8c1_rand .td-subcat-item a:hover,\r\n            .td_uid_1_69e89bc71e8c1_rand .td-subcat-item .td-cur-simple-item,\r\n            .td_uid_1_69e89bc71e8c1_rand .td_quote_on_blocks {\r\n                color: #1e73be;\r\n            }\r\n\r\n            .td_uid_1_69e89bc71e8c1_rand .td-next-prev-wrap a:hover,\r\n            .td_uid_1_69e89bc71e8c1_rand .td-load-more-wrap a:hover {\r\n                background-color: #1e73be;\r\n                border-color: #1e73be;\r\n            }\r\n            .td_uid_1_69e89bc71e8c1_rand .td-subcat-dropdown:hover .td-subcat-more,\r\n            .td_uid_1_69e89bc71e8c1_rand .td-post-category:hover {\r\n                background-color: #1e73be;\r\n            }\r\n\r\n            .td_uid_1_69e89bc71e8c1_rand .block-title span,\r\n            .td_uid_1_69e89bc71e8c1_rand .td-trending-now-title,\r\n            .td_uid_1_69e89bc71e8c1_rand .block-title a,\r\n            .td_uid_1_69e89bc71e8c1_rand .td-read-more a {\r\n                background-color: #1e73be;\r\n            }\r\n\r\n            .td_uid_1_69e89bc71e8c1_rand .block-title {\r\n                border-color: #1e73be;\r\n            }\n<\/style>\n<style scoped>\n.td_uid_2_69e89bc7248b8_rand .td_module_wrap:hover .entry-title a,\r\n            .td_uid_2_69e89bc7248b8_rand a.td-pulldown-filter-link:hover,\r\n            .td_uid_2_69e89bc7248b8_rand .td-subcat-item a:hover,\r\n            .td_uid_2_69e89bc7248b8_rand .td-subcat-item .td-cur-simple-item,\r\n            .td_uid_2_69e89bc7248b8_rand .td_quote_on_blocks {\r\n                color: #1e73be;\r\n            }\r\n\r\n            .td_uid_2_69e89bc7248b8_rand .td-next-prev-wrap a:hover,\r\n            .td_uid_2_69e89bc7248b8_rand .td-load-more-wrap a:hover {\r\n                background-color: #1e73be;\r\n                border-color: #1e73be;\r\n            }\r\n            .td_uid_2_69e89bc7248b8_rand .td-subcat-dropdown:hover .td-subcat-more,\r\n            .td_uid_2_69e89bc7248b8_rand .td-post-category:hover {\r\n                background-color: #1e73be;\r\n            }\r\n\r\n            .td_uid_2_69e89bc7248b8_rand .block-title span,\r\n            .td_uid_2_69e89bc7248b8_rand .td-trending-now-title,\r\n            .td_uid_2_69e89bc7248b8_rand .block-title a,\r\n            .td_uid_2_69e89bc7248b8_rand .td-read-more a {\r\n                background-color: #1e73be;\r\n            }\r\n\r\n            .td_uid_2_69e89bc7248b8_rand .block-title {\r\n                border-color: #1e73be;\r\n            }\n<\/style>\n\t<div class=\"td-pb-span12 wpb_column vc_column_container \">\n\t\t<div class=\"wpb_wrapper\">\n\t\t\t<div class=\"td_block_wrap td_block_text_with_title td_block_id_1490355989 td_uid_1_69e89bc71e8c1_rand td-pb-border-top\"><h4 class=\"block-title\"><span>Arumbear.com<\/span><\/h4><div class=\"td_mod_wrap\"><strong>\u2022 Rosi Soto<\/strong> &#8211; Directora Regional \/ Florida<br \/>\nEmail: miami@arumbear.com<\/p>\n<p><strong>\u2022 Informaci\u00f3n, invitaciones, coberturas y eventos: <\/strong>rumberos@arumbear.com<\/div><\/div><div class=\"td_block_wrap td_block_text_with_title td_block_id_3588915956 td_uid_2_69e89bc7248b8_rand td-pb-border-top\"><h4 class=\"block-title\"><span>Acerca de nosotros<\/span><\/h4><div class=\"td_mod_wrap\"><\/div><\/div><strong>www.arumbear.com<\/strong> es un medio de comunicaci\u00f3n fundado en Caracas-Venezuela, con una trayectoria de <strong>23 a\u00f1os<\/strong>, especializado en noticias del mundo del entretenimiento, cobertura de eventos, rumbas, conciertos, informaci\u00f3n de far\u00e1ndula, tecnolog\u00eda, moda, m\u00fasica y actualidad, para el joven adulto responsable.<\/p>\n<p>El destacado dise\u00f1o de su p\u00e1gina web y su participaci\u00f3n en las principales redes sociales ha consolidado al sitio web <strong>arumbear.com<\/strong> en posiciones de liderazgo en el mercado joven venezolano desde el a\u00f1o 2002.<\/p>\n<p>Tras 23 a\u00f1os llenos de experiencias y mucha diversi\u00f3n para el p\u00fablico venezolano, <strong>arumbear.com<\/strong> se ha expandido fuera de nuestras fronteras, y hoy est\u00e1 presente en dos puntos \u00edconos de la rumba y el entretenimiento a nivel mundial como son Ciudad de Panam\u00e1 (Desde 2014) y en el estado de la Florida\/EEUU (Desde 2019).&nbsp;&nbsp;&nbsp;&nbsp;&nbsp;<\/p>\n<p style=\"text-align: justify;\"><strong>Oficinas:<\/strong> Caracas | Panam\u00e1 | Florida<\/p>\n<p style=\"text-align: justify;\"><strong><span style=\"text-decoration: underline;\">DIRECTORIO<\/span><br \/>\n<\/strong><strong>Venezuela | Est. 2002<br \/>\n<\/strong>Jes\u00fas Antonio Viera G. &#8211; Director General \/ CEO<br \/>\njesus_viera@arumbear.com \/&nbsp;<a href=\"http:\/\/www.instagram.com\/arumbear\" target=\"_blank\" rel=\"noopener\">@arumbear<\/a><\/p>\n<p style=\"text-align: justify;\"><strong>Panam\u00e1 | Est. 2014<\/strong><br \/>\nJes\u00fas Alejandro Viera C. &#8211; Director<br \/>\njesus_panama@arumbear.com \/&nbsp;<a href=\"http:\/\/www.instagram.com\/arumbearpanama\" target=\"_blank\" rel=\"noopener\">@arumbearpanama<\/a><\/p>\n<p style=\"text-align: justify;\"><strong>Florida | Est. 2019<\/strong><br \/>\nRosi Soto &#8211; Directora<br \/>\nrosi_soto@arumbear.com \/ <a href=\"http:\/\/www.instagram.com\/arumbearflorida\" target=\"_blank\" rel=\"noopener\">@arumbearflorida<\/a><\/p>\n<p>&nbsp;<\/p>\n<p>&nbsp;<\/p>\n<p>\n\t\t<\/div> \n\t<\/div> \n<\/div>\n\t\t<\/div> \n\t<\/div> \n\n<style scoped>\n.td_uid_3_69e89bc724b0a_rand .td_module_wrap:hover .entry-title a,\r\n            .td_uid_3_69e89bc724b0a_rand a.td-pulldown-filter-link:hover,\r\n            .td_uid_3_69e89bc724b0a_rand .td-subcat-item a:hover,\r\n            .td_uid_3_69e89bc724b0a_rand .td-subcat-item .td-cur-simple-item,\r\n            .td_uid_3_69e89bc724b0a_rand .td_quote_on_blocks {\r\n                color: #19a8a3;\r\n            }\r\n\r\n            .td_uid_3_69e89bc724b0a_rand .td-next-prev-wrap a:hover,\r\n            .td_uid_3_69e89bc724b0a_rand .td-load-more-wrap a:hover {\r\n                background-color: #19a8a3;\r\n                border-color: #19a8a3;\r\n            }\r\n            .td_uid_3_69e89bc724b0a_rand .td-subcat-dropdown:hover .td-subcat-more,\r\n            .td_uid_3_69e89bc724b0a_rand .td-post-category:hover {\r\n                background-color: #19a8a3;\r\n            }\r\n\r\n            .td_uid_3_69e89bc724b0a_rand .block-title span,\r\n            .td_uid_3_69e89bc724b0a_rand .td-trending-now-title,\r\n            .td_uid_3_69e89bc724b0a_rand .block-title a,\r\n            .td_uid_3_69e89bc724b0a_rand .td-read-more a {\r\n                background-color: #19a8a3;\r\n            }\r\n\r\n            .td_uid_3_69e89bc724b0a_rand .block-title {\r\n                border-color: #19a8a3;\r\n            }\n<\/style>\n\t<div class=\"td-pb-span4 wpb_column vc_column_container \">\n\t\t<div class=\"wpb_wrapper\">\n\t\t\t<script>var block_td_uid_3_69e89bc724b0a = new td_block();\nblock_td_uid_3_69e89bc724b0a.id = \"td_uid_3_69e89bc724b0a\";\nblock_td_uid_3_69e89bc724b0a.atts = '{\"limit\":\"8\",\"custom_title\":\"\\u00daLTIMAS PUBLICACIONES\",\"td_filter_default_txt\":\"Todo\",\"ajax_pagination\":\"next_prev\",\"header_color\":\"#19a8a3\",\"class\":\"td_block_id_1612698017 td_uid_3_69e89bc724b0a_rand\"}';\nblock_td_uid_3_69e89bc724b0a.td_column_number = \"1\";\nblock_td_uid_3_69e89bc724b0a.block_type = \"td_block_2\";\nblock_td_uid_3_69e89bc724b0a.post_count = \"8\";\nblock_td_uid_3_69e89bc724b0a.found_posts = \"609\";\nblock_td_uid_3_69e89bc724b0a.header_color = \"#19a8a3\";\nblock_td_uid_3_69e89bc724b0a.ajax_pagination_infinite_stop = \"\";\nblock_td_uid_3_69e89bc724b0a.max_num_pages = \"77\";\ntd_blocks.push(block_td_uid_3_69e89bc724b0a);\n<\/script><div class=\"td_block_wrap td_block_2 td_block_id_1612698017 td_uid_3_69e89bc724b0a_rand td_with_ajax_pagination td-pb-border-top\"><h4 class=\"block-title\"><span>\u00daLTIMAS PUBLICACIONES<\/span><\/h4><div id=td_uid_3_69e89bc724b0a class=\"td_block_inner\">\n\n\t<div class=\"td-block-span12\">\n\r\n        <div class=\"td_module_2 td_module_wrap td-animation-stack\" itemscope itemtype=\"https:\/\/schema.org\/Article\">\r\n            <div class=\"td-module-image\">\r\n                <div class=\"td-module-thumb\"><a href=\"https:\/\/arumbear.com\/fl\/chyno-y-nacho-regresan-con-radio-venezuela-el-disco-que-une-a-una-nacion-desde-la-distancia\/\" rel=\"bookmark\" title=\"CHYNO Y NACHO regresan con RADIO VENEZUELA: el disco que une a una naci\u00f3n desde la distancia\"><img loading=\"lazy\" decoding=\"async\" width=\"324\" height=\"160\" itemprop=\"image\" class=\"entry-thumb\" src=\"https:\/\/arumbear.com\/fl\/wp-content\/uploads\/2026\/04\/chyno01-324x160.jpg\" alt=\"\" title=\"CHYNO Y NACHO regresan con RADIO VENEZUELA: el disco que une a una naci\u00f3n desde la distancia\"\/><\/a><\/div>                <a href=\"https:\/\/arumbear.com\/fl\/category\/musica\/internacional\/\" class=\"td-post-category\">Internacional<\/a>            <\/div>\r\n            <h3 itemprop=\"name\" class=\"entry-title td-module-title\"><a itemprop=\"url\" href=\"https:\/\/arumbear.com\/fl\/chyno-y-nacho-regresan-con-radio-venezuela-el-disco-que-une-a-una-nacion-desde-la-distancia\/\" rel=\"bookmark\" title=\"CHYNO Y NACHO regresan con RADIO VENEZUELA: el disco que une a una naci\u00f3n desde la distancia\">CHYNO Y NACHO regresan con RADIO VENEZUELA: el disco que une...<\/a><\/h3>\r\n\r\n            <div class=\"td-module-meta-info\">\r\n                <div class=\"td-post-author-name\"><a itemprop=\"author\" href=\"https:\/\/arumbear.com\/fl\/author\/jesusviera-ve\/\">Arumbear.com \u2022 Florida<\/a> <span>-<\/span> <\/div>                <div class=\"td-post-date\"><time  itemprop=\"dateCreated\" class=\"entry-date updated td-module-date\" datetime=\"2026-04-13T22:34:58+00:00\" >13\/04\/2026<\/time><meta itemprop=\"interactionCount\" content=\"UserComments:0\"\/><\/div>                <div class=\"td-module-comments\"><a href=\"https:\/\/arumbear.com\/fl\/chyno-y-nacho-regresan-con-radio-venezuela-el-disco-que-une-a-una-nacion-desde-la-distancia\/#respond\">0<\/a><\/div>            <\/div>\r\n\r\n\r\n            <div class=\"td-excerpt\">\r\n                \nEl d\u00fao venezolano m\u00e1s ic\u00f3nico de su generaci\u00f3n vuelve con su trabajo m\u00e1s ambicioso: 19 temas, m\u00e1s de 15 colaboraciones y un...            <\/div>\r\n\r\n            \r\n            <meta itemprop=\"author\" content = \"Arumbear.com \u2022 Florida\"><meta itemprop=\"interactionCount\" content=\"UserComments:0\"\/>        <\/div>\r\n\r\n        \n\t<\/div> <!-- .\/td-block-span12 -->\n\n\t<div class=\"td-block-span12\">\n\r\n        <div class=\"td_module_6 td_module_wrap td-animation-stack\" itemscope itemtype=\"https:\/\/schema.org\/Article\">\r\n\r\n        <div class=\"td-module-thumb\"><a href=\"https:\/\/arumbear.com\/fl\/alessandra-villegas-regresa-a-telemundo-y-consolida-su-exitoso-imperio-como-empresaria-y-figura-digital\/\" rel=\"bookmark\" title=\"Alessandra Villegas regresa a Telemundo y consolida su exitoso imperio como empresaria y figura digital\"><img loading=\"lazy\" decoding=\"async\" width=\"100\" height=\"70\" itemprop=\"image\" class=\"entry-thumb\" src=\"https:\/\/arumbear.com\/fl\/wp-content\/uploads\/2026\/03\/ale01-100x70.jpg\" alt=\"\" title=\"Alessandra Villegas regresa a Telemundo y consolida su exitoso imperio como empresaria y figura digital\"\/><\/a><\/div>\r\n        <div class=\"item-details\">\r\n            <h3 itemprop=\"name\" class=\"entry-title td-module-title\"><a itemprop=\"url\" href=\"https:\/\/arumbear.com\/fl\/alessandra-villegas-regresa-a-telemundo-y-consolida-su-exitoso-imperio-como-empresaria-y-figura-digital\/\" rel=\"bookmark\" title=\"Alessandra Villegas regresa a Telemundo y consolida su exitoso imperio como empresaria y figura digital\">Alessandra Villegas regresa a Telemundo y consolida su exitoso imperio como...<\/a><\/h3>            <div class=\"td-module-meta-info\">\r\n                                                <div class=\"td-post-date\"><time  itemprop=\"dateCreated\" class=\"entry-date updated td-module-date\" datetime=\"2026-03-31T16:18:00+00:00\" >31\/03\/2026<\/time><meta itemprop=\"interactionCount\" content=\"UserComments:0\"\/><\/div>                            <\/div>\r\n        <\/div>\r\n        <meta itemprop=\"author\" content = \"Arumbear.com \u2022 Florida\"><meta itemprop=\"interactionCount\" content=\"UserComments:0\"\/>        <\/div>\r\n\r\n        \n\t<\/div> <!-- .\/td-block-span12 -->\n\n\t<div class=\"td-block-span12\">\n\r\n        <div class=\"td_module_6 td_module_wrap td-animation-stack\" itemscope itemtype=\"https:\/\/schema.org\/Article\">\r\n\r\n        <div class=\"td-module-thumb\"><a href=\"https:\/\/arumbear.com\/fl\/marjorie-de-sousa-regresa-triunfal-a-perfume-de-gardenia-en-mexico\/\" rel=\"bookmark\" title=\"Marjorie De Sousa regresa triunfal a \u00abPerfume de Gardenia\u00bb en M\u00e9xico\"><img loading=\"lazy\" decoding=\"async\" width=\"100\" height=\"70\" itemprop=\"image\" class=\"entry-thumb\" src=\"https:\/\/arumbear.com\/fl\/wp-content\/uploads\/2026\/03\/marjorie01-100x70.jpg\" alt=\"\" title=\"Marjorie De Sousa regresa triunfal a \u00abPerfume de Gardenia\u00bb en M\u00e9xico\"\/><\/a><\/div>\r\n        <div class=\"item-details\">\r\n            <h3 itemprop=\"name\" class=\"entry-title td-module-title\"><a itemprop=\"url\" href=\"https:\/\/arumbear.com\/fl\/marjorie-de-sousa-regresa-triunfal-a-perfume-de-gardenia-en-mexico\/\" rel=\"bookmark\" title=\"Marjorie De Sousa regresa triunfal a \u00abPerfume de Gardenia\u00bb en M\u00e9xico\">Marjorie De Sousa regresa triunfal a \u00abPerfume de Gardenia\u00bb en M\u00e9xico<\/a><\/h3>            <div class=\"td-module-meta-info\">\r\n                                                <div class=\"td-post-date\"><time  itemprop=\"dateCreated\" class=\"entry-date updated td-module-date\" datetime=\"2026-03-22T12:27:17+00:00\" >22\/03\/2026<\/time><meta itemprop=\"interactionCount\" content=\"UserComments:0\"\/><\/div>                            <\/div>\r\n        <\/div>\r\n        <meta itemprop=\"author\" content = \"Arumbear.com \u2022 Florida\"><meta itemprop=\"interactionCount\" content=\"UserComments:0\"\/>        <\/div>\r\n\r\n        \n\t<\/div> <!-- .\/td-block-span12 -->\n\n\t<div class=\"td-block-span12\">\n\r\n        <div class=\"td_module_6 td_module_wrap td-animation-stack\" itemscope itemtype=\"https:\/\/schema.org\/Article\">\r\n\r\n        <div class=\"td-module-thumb\"><a href=\"https:\/\/arumbear.com\/fl\/esta-en-riesgo-tu-identidad-digital-el-panorama-de-infostealers-y-el-robo-de-credenciales\/\" rel=\"bookmark\" title=\"\u00bfEst\u00e1 en riesgo tu identidad digital? El panorama de infostealers y el robo de credenciales\"><img loading=\"lazy\" decoding=\"async\" width=\"100\" height=\"70\" itemprop=\"image\" class=\"entry-thumb\" src=\"https:\/\/arumbear.com\/fl\/wp-content\/uploads\/2026\/03\/eset03-100x70.jpg\" alt=\"\" title=\"\u00bfEst\u00e1 en riesgo tu identidad digital? El panorama de infostealers y el robo de credenciales\"\/><\/a><\/div>\r\n        <div class=\"item-details\">\r\n            <h3 itemprop=\"name\" class=\"entry-title td-module-title\"><a itemprop=\"url\" href=\"https:\/\/arumbear.com\/fl\/esta-en-riesgo-tu-identidad-digital-el-panorama-de-infostealers-y-el-robo-de-credenciales\/\" rel=\"bookmark\" title=\"\u00bfEst\u00e1 en riesgo tu identidad digital? El panorama de infostealers y el robo de credenciales\">\u00bfEst\u00e1 en riesgo tu identidad digital? El panorama de infostealers y...<\/a><\/h3>            <div class=\"td-module-meta-info\">\r\n                                                <div class=\"td-post-date\"><time  itemprop=\"dateCreated\" class=\"entry-date updated td-module-date\" datetime=\"2026-03-22T11:55:41+00:00\" >22\/03\/2026<\/time><meta itemprop=\"interactionCount\" content=\"UserComments:0\"\/><\/div>                            <\/div>\r\n        <\/div>\r\n        <meta itemprop=\"author\" content = \"Arumbear.com \u2022 Florida\"><meta itemprop=\"interactionCount\" content=\"UserComments:0\"\/>        <\/div>\r\n\r\n        \n\t<\/div> <!-- .\/td-block-span12 -->\n\n\t<div class=\"td-block-span12\">\n\r\n        <div class=\"td_module_6 td_module_wrap td-animation-stack\" itemscope itemtype=\"https:\/\/schema.org\/Article\">\r\n\r\n        <div class=\"td-module-thumb\"><a href=\"https:\/\/arumbear.com\/fl\/gracias-por-estar-empresas-polar-celebra-85-anos-con-un-homenaje-a-la-gente\/\" rel=\"bookmark\" title=\"\u201cGracias por estar\u201d: Empresas Polar celebra 85 a\u00f1os con un homenaje a la gente\"><img loading=\"lazy\" decoding=\"async\" width=\"100\" height=\"70\" itemprop=\"image\" class=\"entry-thumb\" src=\"https:\/\/arumbear.com\/fl\/wp-content\/uploads\/2026\/03\/polar01-100x70.jpg\" alt=\"\" title=\"\u201cGracias por estar\u201d: Empresas Polar celebra 85 a\u00f1os con un homenaje a la gente\"\/><\/a><\/div>\r\n        <div class=\"item-details\">\r\n            <h3 itemprop=\"name\" class=\"entry-title td-module-title\"><a itemprop=\"url\" href=\"https:\/\/arumbear.com\/fl\/gracias-por-estar-empresas-polar-celebra-85-anos-con-un-homenaje-a-la-gente\/\" rel=\"bookmark\" title=\"\u201cGracias por estar\u201d: Empresas Polar celebra 85 a\u00f1os con un homenaje a la gente\">\u201cGracias por estar\u201d: Empresas Polar celebra 85 a\u00f1os con un homenaje...<\/a><\/h3>            <div class=\"td-module-meta-info\">\r\n                                                <div class=\"td-post-date\"><time  itemprop=\"dateCreated\" class=\"entry-date updated td-module-date\" datetime=\"2026-03-17T14:08:06+00:00\" >17\/03\/2026<\/time><meta itemprop=\"interactionCount\" content=\"UserComments:0\"\/><\/div>                            <\/div>\r\n        <\/div>\r\n        <meta itemprop=\"author\" content = \"Arumbear.com \u2022 Florida\"><meta itemprop=\"interactionCount\" content=\"UserComments:0\"\/>        <\/div>\r\n\r\n        \n\t<\/div> <!-- .\/td-block-span12 -->\n\n\t<div class=\"td-block-span12\">\n\r\n        <div class=\"td_module_6 td_module_wrap td-animation-stack\" itemscope itemtype=\"https:\/\/schema.org\/Article\">\r\n\r\n        <div class=\"td-module-thumb\"><a href=\"https:\/\/arumbear.com\/fl\/las-7-senales-que-pueden-indicar-que-una-app-movil-es-falsa\/\" rel=\"bookmark\" title=\"Las 7 se\u00f1ales que pueden indicar que una app m\u00f3vil es falsa\"><img loading=\"lazy\" decoding=\"async\" width=\"100\" height=\"70\" itemprop=\"image\" class=\"entry-thumb\" src=\"https:\/\/arumbear.com\/fl\/wp-content\/uploads\/2026\/03\/eset01-1-100x70.jpg\" alt=\"\" title=\"Las 7 se\u00f1ales que pueden indicar que una app m\u00f3vil es falsa\"\/><\/a><\/div>\r\n        <div class=\"item-details\">\r\n            <h3 itemprop=\"name\" class=\"entry-title td-module-title\"><a itemprop=\"url\" href=\"https:\/\/arumbear.com\/fl\/las-7-senales-que-pueden-indicar-que-una-app-movil-es-falsa\/\" rel=\"bookmark\" title=\"Las 7 se\u00f1ales que pueden indicar que una app m\u00f3vil es falsa\">Las 7 se\u00f1ales que pueden indicar que una app m\u00f3vil es...<\/a><\/h3>            <div class=\"td-module-meta-info\">\r\n                                                <div class=\"td-post-date\"><time  itemprop=\"dateCreated\" class=\"entry-date updated td-module-date\" datetime=\"2026-03-16T16:15:30+00:00\" >16\/03\/2026<\/time><meta itemprop=\"interactionCount\" content=\"UserComments:0\"\/><\/div>                            <\/div>\r\n        <\/div>\r\n        <meta itemprop=\"author\" content = \"Arumbear.com \u2022 Florida\"><meta itemprop=\"interactionCount\" content=\"UserComments:0\"\/>        <\/div>\r\n\r\n        \n\t<\/div> <!-- .\/td-block-span12 -->\n\n\t<div class=\"td-block-span12\">\n\r\n        <div class=\"td_module_6 td_module_wrap td-animation-stack\" itemscope itemtype=\"https:\/\/schema.org\/Article\">\r\n\r\n        <div class=\"td-module-thumb\"><a href=\"https:\/\/arumbear.com\/fl\/marianna-agudello-lanzo-el-arte-de-hacerte-visible-en-amazon\/\" rel=\"bookmark\" title=\"Marianna Agudello lanz\u00f3 \u201cEl Arte de Hacerte Visible\u201d en Amazon\"><img loading=\"lazy\" decoding=\"async\" width=\"100\" height=\"70\" itemprop=\"image\" class=\"entry-thumb\" src=\"https:\/\/arumbear.com\/fl\/wp-content\/uploads\/2026\/03\/marianna01-100x70.jpg\" alt=\"\" title=\"Marianna Agudello lanz\u00f3 \u201cEl Arte de Hacerte Visible\u201d en Amazon\"\/><\/a><\/div>\r\n        <div class=\"item-details\">\r\n            <h3 itemprop=\"name\" class=\"entry-title td-module-title\"><a itemprop=\"url\" href=\"https:\/\/arumbear.com\/fl\/marianna-agudello-lanzo-el-arte-de-hacerte-visible-en-amazon\/\" rel=\"bookmark\" title=\"Marianna Agudello lanz\u00f3 \u201cEl Arte de Hacerte Visible\u201d en Amazon\">Marianna Agudello lanz\u00f3 \u201cEl Arte de Hacerte Visible\u201d en Amazon<\/a><\/h3>            <div class=\"td-module-meta-info\">\r\n                                                <div class=\"td-post-date\"><time  itemprop=\"dateCreated\" class=\"entry-date updated td-module-date\" datetime=\"2026-03-12T10:55:07+00:00\" >12\/03\/2026<\/time><meta itemprop=\"interactionCount\" content=\"UserComments:0\"\/><\/div>                            <\/div>\r\n        <\/div>\r\n        <meta itemprop=\"author\" content = \"Arumbear.com \u2022 Florida\"><meta itemprop=\"interactionCount\" content=\"UserComments:0\"\/>        <\/div>\r\n\r\n        \n\t<\/div> <!-- .\/td-block-span12 -->\n\n\t<div class=\"td-block-span12\">\n\r\n        <div class=\"td_module_6 td_module_wrap td-animation-stack\" itemscope itemtype=\"https:\/\/schema.org\/Article\">\r\n\r\n        <div class=\"td-module-thumb\"><a href=\"https:\/\/arumbear.com\/fl\/3era-edicion-de-la-negus-reggae-party\/\" rel=\"bookmark\" title=\"3era edici\u00f3n de la Negus Reggae Party!\"><img loading=\"lazy\" decoding=\"async\" width=\"100\" height=\"70\" itemprop=\"image\" class=\"entry-thumb\" src=\"https:\/\/arumbear.com\/fl\/wp-content\/uploads\/2026\/03\/negustpartymiami-100x70.jpg\" alt=\"\" title=\"3era edici\u00f3n de la Negus Reggae Party!\"\/><\/a><\/div>\r\n        <div class=\"item-details\">\r\n            <h3 itemprop=\"name\" class=\"entry-title td-module-title\"><a itemprop=\"url\" href=\"https:\/\/arumbear.com\/fl\/3era-edicion-de-la-negus-reggae-party\/\" rel=\"bookmark\" title=\"3era edici\u00f3n de la Negus Reggae Party!\">3era edici\u00f3n de la Negus Reggae Party!<\/a><\/h3>            <div class=\"td-module-meta-info\">\r\n                                                <div class=\"td-post-date\"><time  itemprop=\"dateCreated\" class=\"entry-date updated td-module-date\" datetime=\"2026-03-10T10:08:43+00:00\" >10\/03\/2026<\/time><meta itemprop=\"interactionCount\" content=\"UserComments:0\"\/><\/div>                            <\/div>\r\n        <\/div>\r\n        <meta itemprop=\"author\" content = \"Arumbear.com \u2022 Florida\"><meta itemprop=\"interactionCount\" content=\"UserComments:0\"\/>        <\/div>\r\n\r\n        \n\t<\/div> <!-- .\/td-block-span12 --><\/div><div class=\"td-next-prev-wrap\"><a href=\"#\" class=\"td-ajax-prev-page ajax-page-disabled\" id=\"prev-page-td_uid_3_69e89bc724b0a\" data-td_block_id=\"td_uid_3_69e89bc724b0a\"><i class=\"td-icon-font td-icon-menu-left\"><\/i><\/a><a href=\"#\"  class=\"td-ajax-next-page\" id=\"next-page-td_uid_3_69e89bc724b0a\" data-td_block_id=\"td_uid_3_69e89bc724b0a\"><i class=\"td-icon-font td-icon-menu-right\"><\/i><\/a><\/div><\/div> <!-- .\/block --><div class=\"td-a-rec td-a-rec-id-sidebar \"><div class=\"td-all-devices\"><a href=\"\" target=\"blank\"><img decoding=\"async\" src=\"https:\/\/arumbear.com\/fl\/wp-content\/uploads\/2022\/02\/BannerRRSSArumbearFlorida-Siguenos.jpg\"\/><\/a><\/div>\r\n\r\n<div class=\"td-all-devices\"><a href=\"https:\/\/www.instagram.com\/arumbearflorida\/\" target=\"blank\"><img decoding=\"async\" src=\"https:\/\/arumbear.com\/fl\/wp-content\/uploads\/2022\/02\/BannerRRSSArumbearFlorida-Instagram.jpg\"\/><\/a><\/div>\r\n\r\n<div class=\"td-all-devices\"><a href=\"https:\/\/www.facebook.com\/arumbearflorida\/\" target=\"blank\"><img decoding=\"async\" src=\"https:\/\/arumbear.com\/fl\/wp-content\/uploads\/2022\/02\/BannerRRSSArumbearFlorida-Facebook.jpg\"\/><\/a><\/div>\r\n\r\n<div class=\"td-all-devices\"><a href=\"https:\/\/cantamosporlapaz.org\/\" target=\"blank\"><img decoding=\"async\" src=\"https:\/\/arumbear.com\/fl\/wp-content\/uploads\/2025\/03\/Banner-FundacionCantamos-300x400-01.png\"\/><\/a><\/div>\r\n<\/div>\n\t\t<\/div> \n\t<\/div> \n<\/div>\n","protected":false},"excerpt":{"rendered":".td_uid_4_69e89bc7276ac_rand .td_module_wrap:hover .entry-title a, .td_uid_4_69e89bc7276ac_rand a.td-pulldown-filter-link:hover, .td_uid_4_69e89bc7276ac_rand .td-subcat-item a:hover, .td_uid_4_69e89bc7276ac_rand .td-subcat-item .td-cur-simple-item, .td_uid_4_69e89bc7276ac_rand .td_quote_on_blocks { color: #1e73be; } .td_uid_4_69e89bc7276ac_rand .td-next-prev-wrap a:hover, .td_uid_4_69e89bc7276ac_rand .td-load-more-wrap a:hover { background-color: #1e73be; border-color: #1e73be; } .td_uid_4_69e89bc7276ac_rand .td-subcat-dropdown:hover .td-subcat-more, .td_uid_4_69e89bc7276ac_rand .td-post-category:hover { background-color: #1e73be; } .td_uid_4_69e89bc7276ac_rand .block-title span, .td_uid_4_69e89bc7276ac_rand .td-trending-now-title, .td_uid_4_69e89bc7276ac_rand .block-title a, .td_uid_4_69e89bc7276ac_rand .td-read-more a { background-color: #1e73be; } .td_uid_4_69e89bc7276ac_rand ","protected":false},"author":1,"featured_media":0,"parent":0,"menu_order":0,"comment_status":"open","ping_status":"closed","template":"page-pagebuilder-title.php","meta":{"ngg_post_thumbnail":0,"footnotes":""},"class_list":["post-185","page","type-page","status-publish","hentry"],"_links":{"self":[{"href":"https:\/\/arumbear.com\/fl\/wp-json\/wp\/v2\/pages\/185","targetHints":{"allow":["GET"]}}],"collection":[{"href":"https:\/\/arumbear.com\/fl\/wp-json\/wp\/v2\/pages"}],"about":[{"href":"https:\/\/arumbear.com\/fl\/wp-json\/wp\/v2\/types\/page"}],"author":[{"embeddable":true,"href":"https:\/\/arumbear.com\/fl\/wp-json\/wp\/v2\/users\/1"}],"replies":[{"embeddable":true,"href":"https:\/\/arumbear.com\/fl\/wp-json\/wp\/v2\/comments?post=185"}],"version-history":[{"count":62,"href":"https:\/\/arumbear.com\/fl\/wp-json\/wp\/v2\/pages\/185\/revisions"}],"predecessor-version":[{"id":12148,"href":"https:\/\/arumbear.com\/fl\/wp-json\/wp\/v2\/pages\/185\/revisions\/12148"}],"wp:attachment":[{"href":"https:\/\/arumbear.com\/fl\/wp-json\/wp\/v2\/media?parent=185"}],"curies":[{"name":"wp","href":"https:\/\/api.w.org\/{rel}","templated":true}]}}